{"id":87,"date":"2017-11-29T15:07:13","date_gmt":"2017-11-29T15:07:13","guid":{"rendered":"http:\/\/test.jcconsult.se\/?page_id=87"},"modified":"2025-12-17T12:00:26","modified_gmt":"2025-12-17T12:00:26","slug":"referenser","status":"publish","type":"page","link":"https:\/\/jcconsult.se\/?page_id=87","title":{"rendered":"Referenser"},"content":{"rendered":"<h5>Projekteringsarbete och montageledning &#8211;\u00a0 permanent Compact 200 v\u00e4gbro<br \/>\nHamra fj\u00e4ll, T\u00e4nndalen<br \/>\n2022<\/h5>\n<p><img loading=\"lazy\" decoding=\"async\" class=\"alignnone size-full wp-image-262\" src=\"https:\/\/jcconsult.se\/wp-content\/uploads\/2025\/12\/DSC_1109-scaled.jpg\" alt=\"\" width=\"2560\" height=\"1440\" srcset=\"https:\/\/jcconsult.se\/wp-content\/uploads\/2025\/12\/DSC_1109-scaled.jpg 2560w, https:\/\/jcconsult.se\/wp-content\/uploads\/2025\/12\/DSC_1109-300x169.jpg 300w, https:\/\/jcconsult.se\/wp-content\/uploads\/2025\/12\/DSC_1109-1024x576.jpg 1024w, https:\/\/jcconsult.se\/wp-content\/uploads\/2025\/12\/DSC_1109-768x432.jpg 768w, https:\/\/jcconsult.se\/wp-content\/uploads\/2025\/12\/DSC_1109-1536x864.jpg 1536w, https:\/\/jcconsult.se\/wp-content\/uploads\/2025\/12\/DSC_1109-2048x1152.jpg 2048w\" sizes=\"auto, (max-width: 767px) 89vw, (max-width: 1000px) 54vw, (max-width: 1071px) 543px, 580px\" \/><\/p>\n<p><em>Kund: Hamrafj\u00e4llets Lift AB<\/em><\/p>\n<h5>Projekteringsarbete &#8211; tillf\u00e4llig flytande v\u00e4gbro<br \/>\nTottn\u00e4s, Nyn\u00e4shamn<br \/>\n2021<\/h5>\n<p><em>Kund: Trafikverket<\/em><\/p>\n<p><img loading=\"lazy\" decoding=\"async\" class=\"alignnone size-full wp-image-256\" src=\"https:\/\/jcconsult.se\/wp-content\/uploads\/2025\/12\/DSC01292-scaled.jpg\" alt=\"\" width=\"2560\" height=\"1699\" srcset=\"https:\/\/jcconsult.se\/wp-content\/uploads\/2025\/12\/DSC01292-scaled.jpg 2560w, https:\/\/jcconsult.se\/wp-content\/uploads\/2025\/12\/DSC01292-300x199.jpg 300w, https:\/\/jcconsult.se\/wp-content\/uploads\/2025\/12\/DSC01292-1024x680.jpg 1024w, https:\/\/jcconsult.se\/wp-content\/uploads\/2025\/12\/DSC01292-768x510.jpg 768w, https:\/\/jcconsult.se\/wp-content\/uploads\/2025\/12\/DSC01292-1536x1019.jpg 1536w, https:\/\/jcconsult.se\/wp-content\/uploads\/2025\/12\/DSC01292-2048x1359.jpg 2048w\" sizes=\"auto, (max-width: 767px) 89vw, (max-width: 1000px) 54vw, (max-width: 1071px) 543px, 580px\" \/><\/p>\n<h5>Montageledning &#8211; Compact 200 tillf\u00e4llig v\u00e4gbro<br \/>\nT\u00e4nndalen, H\u00e4rjedalen<br \/>\n2020<\/h5>\n<p><em>Kund: Trafikverket<\/em><\/p>\n<p><img loading=\"lazy\" decoding=\"async\" class=\"alignnone size-full wp-image-244\" src=\"https:\/\/jcconsult.se\/wp-content\/uploads\/2021\/05\/DSC_0749.jpg\" alt=\"\" width=\"1552\" height=\"873\" srcset=\"https:\/\/jcconsult.se\/wp-content\/uploads\/2021\/05\/DSC_0749.jpg 1552w, https:\/\/jcconsult.se\/wp-content\/uploads\/2021\/05\/DSC_0749-300x169.jpg 300w, https:\/\/jcconsult.se\/wp-content\/uploads\/2021\/05\/DSC_0749-1024x576.jpg 1024w, https:\/\/jcconsult.se\/wp-content\/uploads\/2021\/05\/DSC_0749-768x432.jpg 768w, https:\/\/jcconsult.se\/wp-content\/uploads\/2021\/05\/DSC_0749-1536x864.jpg 1536w\" sizes=\"auto, (max-width: 767px) 89vw, (max-width: 1000px) 54vw, (max-width: 1071px) 543px, 580px\" \/><\/p>\n<h5>Proj. och montageledning &#8211; bro f\u00f6r dagvattenledningar<br \/>\nf\u00f6rbifart Stockholm, Kungens kurva<br \/>\nStockholm &#8211; 2018&#8211;2019<\/h5>\n<p><em>Kund: Skanska Sverige AB<\/em><\/p>\n<p><img loading=\"lazy\" decoding=\"async\" class=\"alignnone size-full wp-image-242\" src=\"https:\/\/jcconsult.se\/wp-content\/uploads\/2021\/05\/KungensK_1.png\" alt=\"\" width=\"1920\" height=\"943\" srcset=\"https:\/\/jcconsult.se\/wp-content\/uploads\/2021\/05\/KungensK_1.png 1920w, https:\/\/jcconsult.se\/wp-content\/uploads\/2021\/05\/KungensK_1-300x147.png 300w, https:\/\/jcconsult.se\/wp-content\/uploads\/2021\/05\/KungensK_1-1024x503.png 1024w, https:\/\/jcconsult.se\/wp-content\/uploads\/2021\/05\/KungensK_1-768x377.png 768w, https:\/\/jcconsult.se\/wp-content\/uploads\/2021\/05\/KungensK_1-1536x754.png 1536w\" sizes=\"auto, (max-width: 767px) 89vw, (max-width: 1000px) 54vw, (max-width: 1071px) 543px, 580px\" \/><\/p>\n<p><em><span style=\"text-align: left; color: #333333; text-transform: none; text-indent: 0px; letter-spacing: normal; font-family: 'Libre Franklin','Helvetica Neue',helvetica,arial,sans-serif; font-size: 16px; font-variant: normal; text-decoration: none; word-spacing: 0px; display: inline !important; white-space: normal; cursor: text; orphans: 2; float: none; -webkit-text-stroke-width: 0px; background-color: transparent;\">Mabey Compact 200, 49 m<\/span><\/em><\/p>\n<h5>Proj. och montageledning &#8211; tillf\u00e4llig GC-bro \u00f6ver Vaksalagatan<br \/>\nUppsala &#8211; 2018<\/h5>\n<p><em>Kund: Uppsala kommun<\/em><\/p>\n<figure id=\"attachment_182\" aria-describedby=\"caption-attachment-182\" style=\"width: 1265px\" class=\"wp-caption alignnone\"><img loading=\"lazy\" decoding=\"async\" class=\"size-full wp-image-182\" src=\"http:\/\/test.jcconsult.se\/wp-content\/uploads\/2018\/02\/IMAG0279.jpg\" alt=\"\" width=\"1265\" height=\"949\" srcset=\"https:\/\/jcconsult.se\/wp-content\/uploads\/2018\/02\/IMAG0279.jpg 1265w, https:\/\/jcconsult.se\/wp-content\/uploads\/2018\/02\/IMAG0279-300x225.jpg 300w, https:\/\/jcconsult.se\/wp-content\/uploads\/2018\/02\/IMAG0279-768x576.jpg 768w, https:\/\/jcconsult.se\/wp-content\/uploads\/2018\/02\/IMAG0279-1024x768.jpg 1024w\" sizes=\"auto, (max-width: 767px) 89vw, (max-width: 1000px) 54vw, (max-width: 1071px) 543px, 580px\" \/><figcaption id=\"caption-attachment-182\" class=\"wp-caption-text\">3x16m Mabey Quick Bridge<\/figcaption><\/figure>\n<h5><\/h5>\n<h5>Montageledning &#8211; tillf\u00e4llig Compact 200 v\u00e4gbro Dingersj\u00f6 m\u00f6tesstation<br \/>\nNjurunda &#8211; 2018&#8211;2020<\/h5>\n<p><em>Kund: Skanska Sverige AB<\/em><\/p>\n<figure id=\"attachment_161\" aria-describedby=\"caption-attachment-161\" style=\"width: 1265px\" class=\"wp-caption alignnone\"><img loading=\"lazy\" decoding=\"async\" class=\"size-full wp-image-161\" src=\"http:\/\/test.jcconsult.se\/wp-content\/uploads\/2018\/02\/IMAG0243-EFFECTS.jpg\" alt=\"\" width=\"1265\" height=\"949\" srcset=\"https:\/\/jcconsult.se\/wp-content\/uploads\/2018\/02\/IMAG0243-EFFECTS.jpg 1265w, https:\/\/jcconsult.se\/wp-content\/uploads\/2018\/02\/IMAG0243-EFFECTS-300x225.jpg 300w, https:\/\/jcconsult.se\/wp-content\/uploads\/2018\/02\/IMAG0243-EFFECTS-768x576.jpg 768w, https:\/\/jcconsult.se\/wp-content\/uploads\/2018\/02\/IMAG0243-EFFECTS-1024x768.jpg 1024w\" sizes=\"auto, (max-width: 767px) 89vw, (max-width: 1000px) 54vw, (max-width: 1071px) 543px, 580px\" \/><figcaption id=\"caption-attachment-161\" class=\"wp-caption-text\">Mabey Compact 200, 42.8 m<\/figcaption><\/figure>\n<h5>Proj. och montageledning tillf\u00e4llig v\u00e4gbro, Flottsund<br \/>\nUppsala &#8211; 2016-2017<\/h5>\n<p><em>Kund: Nordbro AB<\/em><\/p>\n<figure id=\"attachment_15\" aria-describedby=\"caption-attachment-15\" style=\"width: 894px\" class=\"wp-caption alignnone\"><img loading=\"lazy\" decoding=\"async\" class=\"size-full wp-image-15\" src=\"http:\/\/test.jcconsult.se\/wp-content\/uploads\/2017\/11\/DSC_0470.jpg\" alt=\"\" width=\"894\" height=\"279\" srcset=\"https:\/\/jcconsult.se\/wp-content\/uploads\/2017\/11\/DSC_0470.jpg 894w, https:\/\/jcconsult.se\/wp-content\/uploads\/2017\/11\/DSC_0470-300x94.jpg 300w, https:\/\/jcconsult.se\/wp-content\/uploads\/2017\/11\/DSC_0470-768x240.jpg 768w\" sizes=\"auto, (max-width: 767px) 89vw, (max-width: 1000px) 54vw, (max-width: 1071px) 543px, 580px\" \/><figcaption id=\"caption-attachment-15\" class=\"wp-caption-text\">Mabey Compact 200, 2&#215;24 m + Mabey Quick Bridge 3&#215;16 m<\/figcaption><\/figure>\n<h5>Proj. och montageledning tillf\u00e4llig v\u00e4gbro Flemingsberg<br \/>\nStockholm &#8211; 2015-2016<\/h5>\n<p><em>Kund: Nordbro AB<\/em><\/p>\n<figure id=\"attachment_150\" aria-describedby=\"caption-attachment-150\" style=\"width: 990px\" class=\"wp-caption alignnone\"><img loading=\"lazy\" decoding=\"async\" class=\"size-full wp-image-150\" src=\"http:\/\/test.jcconsult.se\/wp-content\/uploads\/2017\/11\/DSC01145.jpg\" alt=\"\" width=\"990\" height=\"375\" srcset=\"https:\/\/jcconsult.se\/wp-content\/uploads\/2017\/11\/DSC01145.jpg 990w, https:\/\/jcconsult.se\/wp-content\/uploads\/2017\/11\/DSC01145-300x114.jpg 300w, https:\/\/jcconsult.se\/wp-content\/uploads\/2017\/11\/DSC01145-768x291.jpg 768w\" sizes=\"auto, (max-width: 767px) 89vw, (max-width: 1000px) 54vw, (max-width: 1071px) 543px, 580px\" \/><figcaption id=\"caption-attachment-150\" class=\"wp-caption-text\">Mabey Universal 40.5 m + Mabey Quick Bridge ramp<\/figcaption><\/figure>\n","protected":false},"excerpt":{"rendered":"<p>Projekteringsarbete och montageledning &#8211;\u00a0 permanent Compact 200 v\u00e4gbro Hamra fj\u00e4ll, T\u00e4nndalen 2022 Kund: Hamrafj\u00e4llets Lift AB Projekteringsarbete &#8211; tillf\u00e4llig flytande v\u00e4gbro Tottn\u00e4s, Nyn\u00e4shamn 2021 Kund: Trafikverket Montageledning &#8211; Compact 200 tillf\u00e4llig v\u00e4gbro T\u00e4nndalen, H\u00e4rjedalen 2020 Kund: Trafikverket Proj. och montageledning &#8211; bro f\u00f6r dagvattenledningar f\u00f6rbifart Stockholm, Kungens kurva Stockholm &#8211; 2018&#8211;2019 Kund: Skanska Sverige AB &hellip; <\/p>\n<p class=\"link-more\"><a href=\"https:\/\/jcconsult.se\/?page_id=87\" class=\"more-link\">Forts\u00e4tt l\u00e4sa<span class=\"screen-reader-text\"> &#8221;Referenser&#8221;<\/span><\/a><\/p>\n","protected":false},"author":1,"featured_media":144,"parent":0,"menu_order":0,"comment_status":"closed","ping_status":"closed","template":"","meta":{"footnotes":""},"class_list":["post-87","page","type-page","status-publish","has-post-thumbnail","hentry"],"_links":{"self":[{"href":"https:\/\/jcconsult.se\/index.php?rest_route=\/wp\/v2\/pages\/87","targetHints":{"allow":["GET"]}}],"collection":[{"href":"https:\/\/jcconsult.se\/index.php?rest_route=\/wp\/v2\/pages"}],"about":[{"href":"https:\/\/jcconsult.se\/index.php?rest_route=\/wp\/v2\/types\/page"}],"author":[{"embeddable":true,"href":"https:\/\/jcconsult.se\/index.php?rest_route=\/wp\/v2\/users\/1"}],"replies":[{"embeddable":true,"href":"https:\/\/jcconsult.se\/index.php?rest_route=%2Fwp%2Fv2%2Fcomments&post=87"}],"version-history":[{"count":26,"href":"https:\/\/jcconsult.se\/index.php?rest_route=\/wp\/v2\/pages\/87\/revisions"}],"predecessor-version":[{"id":263,"href":"https:\/\/jcconsult.se\/index.php?rest_route=\/wp\/v2\/pages\/87\/revisions\/263"}],"wp:featuredmedia":[{"embeddable":true,"href":"https:\/\/jcconsult.se\/index.php?rest_route=\/wp\/v2\/media\/144"}],"wp:attachment":[{"href":"https:\/\/jcconsult.se\/index.php?rest_route=%2Fwp%2Fv2%2Fmedia&parent=87"}],"curies":[{"name":"wp","href":"https:\/\/api.w.org\/{rel}","templated":true}]}}