{"id":49,"date":"2017-11-29T14:23:35","date_gmt":"2017-11-29T14:23:35","guid":{"rendered":"http:\/\/test.jcconsult.se\/?page_id=49"},"modified":"2025-12-17T12:04:54","modified_gmt":"2025-12-17T12:04:54","slug":"startsida","status":"publish","type":"page","link":"https:\/\/jcconsult.se\/","title":{"rendered":"V\u00e4lkommen!"},"content":{"rendered":"<p><span style=\"color: #000000; font-family: Calibri;\">J C Consult AB \u00e4r ett konsultbolag specialiserat p\u00e5 tillf\u00e4lliga broar och pontonkonstruktioner.\u00a0 Med \u00f6ver 30 \u00e5rs erfarenhet av olika kommersiella brosystem kan vi erbjuda kvalificerade tj\u00e4nster inom f\u00f6ljande omr\u00e5den;<\/span><\/p>\n<ul>\n<li><span style=\"color: #000000;\"><span style=\"font-family: Calibri;\">Konstruktion och utveckling<\/span><\/span><\/li>\n<li><span style=\"color: #000000;\"><span style=\"font-family: Calibri;\">Stabilitets- och trimber\u00e4kningar f\u00f6r pontonkonstruktioner<\/span><\/span><\/li>\n<li><span style=\"color: #000000;\"><span style=\"font-family: Calibri;\">Projektering<\/span><\/span><\/li>\n<li><span style=\"color: #000000;\"><span style=\"font-family: Calibri;\">Kalkylering<\/span><\/span><\/li>\n<li><span style=\"color: #000000;\"><span style=\"font-family: Calibri;\">Byggledning<\/span><\/span><\/li>\n<\/ul>\n<p><span style=\"color: #000000; font-family: Calibri;\">Modul\u00e4ra brosystem \u00e4r ofta mycket anpassningsbara vad g\u00e4ller sp\u00e4nnvidd, bredd och trafiklaster vilket ger stor nytta vid tillf\u00e4lliga trafikl\u00f6sningar i samband med underh\u00e5llsarbete, nybyggnationer och krissituationer.<\/span><\/p>\n<p><span style=\"font-family: Calibri;\"><span style=\"color: #000000;\">V\u00e5r erfarenhet str\u00e4cker sig fr\u00e5n fackverkssystem som t ex Mabey Compact 200 och Mabey Universal vilka har r\u00f6tterna i andra v\u00e4rldskrigets Bailey-system till modernare balkbrosystem som Mabey Quick Bridge och Mati\u00e8re Unibridge. Vi arbetar \u00e4ven med stabilitets- och trimber\u00e4kningar f\u00f6r modul\u00e4ra pontonsystem f\u00f6r anv\u00e4ndning som arbetsplattformar eller flytande bro.\u00a0\u00a0<\/span><\/span><\/p>\n<p><span style=\"font-family: Calibri;\"><span style=\"color: #000000;\">Vi ser fram emot att hj\u00e4lpa just dig och ditt f\u00f6retag att ta fram s\u00e4kra, funktionella och kostnadseffektiva brof\u00f6rslag. Kontaktuppgifter finner du l\u00e4ngst ned p\u00e5 sidan.<\/span><\/span><\/p>\n","protected":false},"excerpt":{"rendered":"<p>J C Consult AB \u00e4r ett konsultbolag specialiserat p\u00e5 tillf\u00e4lliga broar och pontonkonstruktioner.\u00a0 Med \u00f6ver 30 \u00e5rs erfarenhet av olika kommersiella brosystem kan vi erbjuda kvalificerade tj\u00e4nster inom f\u00f6ljande omr\u00e5den; Konstruktion och utveckling Stabilitets- och trimber\u00e4kningar f\u00f6r pontonkonstruktioner Projektering Kalkylering Byggledning Modul\u00e4ra brosystem \u00e4r ofta mycket anpassningsbara vad g\u00e4ller sp\u00e4nnvidd, bredd och trafiklaster vilket ger &hellip; <\/p>\n<p class=\"link-more\"><a href=\"https:\/\/jcconsult.se\/\" class=\"more-link\">Forts\u00e4tt l\u00e4sa<span class=\"screen-reader-text\"> &#8221;V\u00e4lkommen!&#8221;<\/span><\/a><\/p>\n","protected":false},"author":1,"featured_media":0,"parent":0,"menu_order":0,"comment_status":"closed","ping_status":"closed","template":"","meta":{"footnotes":""},"class_list":["post-49","page","type-page","status-publish","hentry"],"_links":{"self":[{"href":"https:\/\/jcconsult.se\/index.php?rest_route=\/wp\/v2\/pages\/49","targetHints":{"allow":["GET"]}}],"collection":[{"href":"https:\/\/jcconsult.se\/index.php?rest_route=\/wp\/v2\/pages"}],"about":[{"href":"https:\/\/jcconsult.se\/index.php?rest_route=\/wp\/v2\/types\/page"}],"author":[{"embeddable":true,"href":"https:\/\/jcconsult.se\/index.php?rest_route=\/wp\/v2\/users\/1"}],"replies":[{"embeddable":true,"href":"https:\/\/jcconsult.se\/index.php?rest_route=%2Fwp%2Fv2%2Fcomments&post=49"}],"version-history":[{"count":9,"href":"https:\/\/jcconsult.se\/index.php?rest_route=\/wp\/v2\/pages\/49\/revisions"}],"predecessor-version":[{"id":265,"href":"https:\/\/jcconsult.se\/index.php?rest_route=\/wp\/v2\/pages\/49\/revisions\/265"}],"wp:attachment":[{"href":"https:\/\/jcconsult.se\/index.php?rest_route=%2Fwp%2Fv2%2Fmedia&parent=49"}],"curies":[{"name":"wp","href":"https:\/\/api.w.org\/{rel}","templated":true}]}}